{"id":1110,"date":"2024-08-04T20:45:19","date_gmt":"2024-08-04T20:45:19","guid":{"rendered":"https:\/\/brushesdesign.com\/product\/branding\/"},"modified":"2024-08-04T20:45:19","modified_gmt":"2024-08-04T20:45:19","slug":"branding","status":"publish","type":"product","link":"https:\/\/brushesdesign.com\/es\/producto\/branding\/","title":{"rendered":"Branding"},"content":{"rendered":"<p>Servicio de marca digital<br \/>\nNuestro servicio de marca digital est\u00e1 dise\u00f1ado para ayudar a que su empresa se destaque y conecte de manera efectiva con su audiencia. Crearemos una identidad de marca \u00fanica que refleje los valores y la visi\u00f3n de su empresa, asegurando una presencia consistente y memorable en todas las plataformas digitales.<\/p>\n<p>Qu\u00e9 incluye<br \/>\nAn\u00e1lisis de marca: evaluaci\u00f3n de su marca actual y an\u00e1lisis de la competencia.<br \/>\nDise\u00f1o de logotipo: creaci\u00f3n de un logotipo profesional y personalizado.<br \/>\nGu\u00eda de identidad visual: incluye paleta de colores, tipograf\u00eda y elementos visuales clave.<br \/>\nMateriales de marca digital: dise\u00f1os para tarjetas de presentaci\u00f3n digitales, 5 folletos promocionales y gr\u00e1ficos para redes sociales (foto de perfil y de portada), 1 dise\u00f1o de etiqueta de empaque.<br \/>\nArchivos listos para usar: entrega de todos los archivos en formatos de alta resoluci\u00f3n (.AI, .PDF, .PNG, .JPG).<br \/>\n\u00bfQu\u00e9 es la marca?<br \/>\nLa marca es el proceso de crear y desarrollar una identidad de marca s\u00f3lida y consistente que resuene con su p\u00fablico objetivo y diferencie a su empresa de la competencia.<\/p>\n<p>Invierta en la identidad de su empresa con nuestro servicio de marca digital y garantice una presencia memorable y consistente en el mercado. \u00a1Cont\u00e1ctenos hoy para comenzar!<\/p>\n","protected":false},"excerpt":{"rendered":"<p>Qu\u00e9 incluye<br \/>\nAn\u00e1lisis de marca: evaluaci\u00f3n de su marca actual y an\u00e1lisis de la competencia.<br \/>\nDise\u00f1o de logotipo: creaci\u00f3n de un logotipo profesional y personalizado.<br \/>\nGu\u00eda de identidad visual: incluye paleta de colores, tipograf\u00eda y elementos visuales clave.<br \/>\nMateriales digitales de marca: dise\u00f1os de tarjetas de presentaci\u00f3n digitales, 5 folletos promocionales y gr\u00e1ficos para redes sociales (foto de perfil y de portada), 1 dise\u00f1o de etiqueta de empaque.<br \/>\nArchivos listos para usar: entrega de todos los archivos en formatos de alta resoluci\u00f3n (.AI, .PDF, .PNG, .JPG).<\/p>\n","protected":false},"featured_media":753,"template":"","meta":{"site-sidebar-layout":"default","site-content-layout":"","ast-site-content-layout":"default","site-content-style":"default","site-sidebar-style":"default","ast-global-header-display":"","ast-banner-title-visibility":"","ast-main-header-display":"","ast-hfb-above-header-display":"","ast-hfb-below-header-display":"","ast-hfb-mobile-header-display":"","site-post-title":"","ast-breadcrumbs-content":"","ast-featured-img":"","footer-sml-layout":"","ast-disable-related-posts":"","theme-transparent-header-meta":"default","adv-header-id-meta":"","stick-header-meta":"","header-above-stick-meta":"","header-main-stick-meta":"","header-below-stick-meta":"","astra-migrate-meta-layouts":"default","ast-page-background-enabled":"default","ast-page-background-meta":{"desktop":{"background-color":"var(--ast-global-color-4)","background-image":"","background-repeat":"repeat","background-position":"center center","background-size":"auto","background-attachment":"scroll","background-type":"","background-media":"","overlay-type":"","overlay-color":"","overlay-opacity":"","overlay-gradient":""},"tablet":{"background-color":"","background-image":"","background-repeat":"repeat","background-position":"center center","background-size":"auto","background-attachment":"scroll","background-type":"","background-media":"","overlay-type":"","overlay-color":"","overlay-opacity":"","overlay-gradient":""},"mobile":{"background-color":"","background-image":"","background-repeat":"repeat","background-position":"center center","background-size":"auto","background-attachment":"scroll","background-type":"","background-media":"","overlay-type":"","overlay-color":"","overlay-opacity":"","overlay-gradient":""}},"ast-content-background-meta":{"desktop":{"background-color":"var(--ast-global-color-5)","background-image":"","background-repeat":"repeat","background-position":"center center","background-size":"auto","background-attachment":"scroll","background-type":"","background-media":"","overlay-type":"","overlay-color":"","overlay-opacity":"","overlay-gradient":""},"tablet":{"background-color":"var(--ast-global-color-5)","background-image":"","background-repeat":"repeat","background-position":"center center","background-size":"auto","background-attachment":"scroll","background-type":"","background-media":"","overlay-type":"","overlay-color":"","overlay-opacity":"","overlay-gradient":""},"mobile":{"background-color":"var(--ast-global-color-5)","background-image":"","background-repeat":"repeat","background-position":"center center","background-size":"auto","background-attachment":"scroll","background-type":"","background-media":"","overlay-type":"","overlay-color":"","overlay-opacity":"","overlay-gradient":""}}},"product_brand":[],"product_cat":[153],"product_tag":[213,214,136],"class_list":{"0":"post-1110","1":"product","2":"type-product","3":"status-publish","4":"has-post-thumbnail","6":"product_cat-diseno-editorial","7":"product_tag-branding-es","8":"product_tag-brandingpersonalizado","9":"product_tag-disenografico","10":"desktop-align-left","11":"tablet-align-left","12":"mobile-align-left","14":"first","15":"instock","16":"virtual","17":"sold-individually","18":"purchasable","19":"product-type-simple"},"jetpack_sharing_enabled":true,"_links":{"self":[{"href":"https:\/\/brushesdesign.com\/es\/wp-json\/wp\/v2\/product\/1110","targetHints":{"allow":["GET"]}}],"collection":[{"href":"https:\/\/brushesdesign.com\/es\/wp-json\/wp\/v2\/product"}],"about":[{"href":"https:\/\/brushesdesign.com\/es\/wp-json\/wp\/v2\/types\/product"}],"wp:featuredmedia":[{"embeddable":true,"href":"https:\/\/brushesdesign.com\/es\/wp-json\/wp\/v2\/media\/753"}],"wp:attachment":[{"href":"https:\/\/brushesdesign.com\/es\/wp-json\/wp\/v2\/media?parent=1110"}],"wp:term":[{"taxonomy":"product_brand","embeddable":true,"href":"https:\/\/brushesdesign.com\/es\/wp-json\/wp\/v2\/product_brand?post=1110"},{"taxonomy":"product_cat","embeddable":true,"href":"https:\/\/brushesdesign.com\/es\/wp-json\/wp\/v2\/product_cat?post=1110"},{"taxonomy":"product_tag","embeddable":true,"href":"https:\/\/brushesdesign.com\/es\/wp-json\/wp\/v2\/product_tag?post=1110"}],"curies":[{"name":"wp","href":"https:\/\/api.w.org\/{rel}","templated":true}]}}