{"id":1109,"date":"2024-08-04T20:45:19","date_gmt":"2024-08-04T20:45:19","guid":{"rendered":"https:\/\/brushesdesign.com\/product\/branding\/"},"modified":"2024-08-04T20:45:19","modified_gmt":"2024-08-04T20:45:19","slug":"branding","status":"publish","type":"product","link":"https:\/\/brushesdesign.com\/pt-br\/produto\/branding\/","title":{"rendered":"Branding"},"content":{"rendered":"<p>Servi\u00e7o de Branding Digital<br \/>\nNosso servi\u00e7o de branding digital foi criado para ajudar sua empresa a se destacar e se conectar efetivamente com seu p\u00fablico. Criaremos uma identidade de marca \u00fanica que reflita os valores e a vis\u00e3o da sua empresa, garantindo uma presen\u00e7a consistente e memor\u00e1vel em todas as plataformas digitais.<\/p>\n<p>O que est\u00e1 inclu\u00eddo<br \/>\nAn\u00e1lise de marca: avalia\u00e7\u00e3o da sua marca atual e an\u00e1lise da concorr\u00eancia.<br \/>\nDesign de logotipo: cria\u00e7\u00e3o de um logotipo profissional e personalizado.<br \/>\nGuia de identidade visual: inclui paleta de cores, tipografia e principais elementos visuais.<br \/>\nMateriais de marca digital: designs para cart\u00f5es de visita digitais, 5 folhetos promocionais e gr\u00e1ficos de m\u00eddia social (perfil e foto de capa), 1 design de embalagem de etiqueta.<br \/>\nArquivos prontos para uso: entrega de todos os arquivos em formatos de alta resolu\u00e7\u00e3o (.AI, .PDF, .PNG, .JPG).<br \/>\nO que \u00e9 Branding<br \/>\nBranding \u00e9 o processo de criar e desenvolver uma identidade de marca forte e consistente que ressoe com seu p\u00fablico-alvo e diferencie sua empresa da concorr\u00eancia.<\/p>\n<p>Invista na identidade do seu neg\u00f3cio com nosso servi\u00e7o de branding digital e garanta uma presen\u00e7a memor\u00e1vel e consistente no mercado. Entre em contato conosco hoje para come\u00e7ar!<\/p>\n","protected":false},"excerpt":{"rendered":"<p>O que est\u00e1 inclu\u00eddo<br \/>\nAn\u00e1lise de marca: avalia\u00e7\u00e3o da sua marca atual e an\u00e1lise da concorr\u00eancia.<br \/>\nDesign de logotipo: cria\u00e7\u00e3o de um logotipo profissional e personalizado.<br \/>\nGuia de identidade visual: inclui paleta de cores, tipografia e elementos visuais importantes.<br \/>\nMateriais de marca digital: designs para cart\u00f5es de visita digitais, 5 folhetos promocionais e gr\u00e1ficos de m\u00eddia social (perfil e foto de capa), 1 design de embalagem de etiqueta.<br \/>\nArquivos prontos para uso: entrega de todos os arquivos em formatos de alta resolu\u00e7\u00e3o (.AI, .PDF, .PNG, .JPG).<\/p>\n","protected":false},"featured_media":752,"template":"","meta":{"site-sidebar-layout":"default","site-content-layout":"","ast-site-content-layout":"default","site-content-style":"default","site-sidebar-style":"default","ast-global-header-display":"","ast-banner-title-visibility":"","ast-main-header-display":"","ast-hfb-above-header-display":"","ast-hfb-below-header-display":"","ast-hfb-mobile-header-display":"","site-post-title":"","ast-breadcrumbs-content":"","ast-featured-img":"","footer-sml-layout":"","ast-disable-related-posts":"","theme-transparent-header-meta":"default","adv-header-id-meta":"","stick-header-meta":"","header-above-stick-meta":"","header-main-stick-meta":"","header-below-stick-meta":"","astra-migrate-meta-layouts":"default","ast-page-background-enabled":"default","ast-page-background-meta":{"desktop":{"background-color":"var(--ast-global-color-4)","background-image":"","background-repeat":"repeat","background-position":"center center","background-size":"auto","background-attachment":"scroll","background-type":"","background-media":"","overlay-type":"","overlay-color":"","overlay-opacity":"","overlay-gradient":""},"tablet":{"background-color":"","background-image":"","background-repeat":"repeat","background-position":"center center","background-size":"auto","background-attachment":"scroll","background-type":"","background-media":"","overlay-type":"","overlay-color":"","overlay-opacity":"","overlay-gradient":""},"mobile":{"background-color":"","background-image":"","background-repeat":"repeat","background-position":"center center","background-size":"auto","background-attachment":"scroll","background-type":"","background-media":"","overlay-type":"","overlay-color":"","overlay-opacity":"","overlay-gradient":""}},"ast-content-background-meta":{"desktop":{"background-color":"var(--ast-global-color-5)","background-image":"","background-repeat":"repeat","background-position":"center center","background-size":"auto","background-attachment":"scroll","background-type":"","background-media":"","overlay-type":"","overlay-color":"","overlay-opacity":"","overlay-gradient":""},"tablet":{"background-color":"var(--ast-global-color-5)","background-image":"","background-repeat":"repeat","background-position":"center center","background-size":"auto","background-attachment":"scroll","background-type":"","background-media":"","overlay-type":"","overlay-color":"","overlay-opacity":"","overlay-gradient":""},"mobile":{"background-color":"var(--ast-global-color-5)","background-image":"","background-repeat":"repeat","background-position":"center center","background-size":"auto","background-attachment":"scroll","background-type":"","background-media":"","overlay-type":"","overlay-color":"","overlay-opacity":"","overlay-gradient":""}}},"product_brand":[],"product_cat":[147],"product_tag":[211,139,212],"class_list":{"0":"post-1109","1":"product","2":"type-product","3":"status-publish","4":"has-post-thumbnail","6":"product_cat-design-editorial","7":"product_tag-branding-pt-br","8":"product_tag-desenhografico","9":"product_tag-marcapersonalizada","10":"desktop-align-left","11":"tablet-align-left","12":"mobile-align-left","14":"first","15":"instock","16":"virtual","17":"sold-individually","18":"purchasable","19":"product-type-simple"},"jetpack_sharing_enabled":true,"_links":{"self":[{"href":"https:\/\/brushesdesign.com\/pt-br\/wp-json\/wp\/v2\/product\/1109","targetHints":{"allow":["GET"]}}],"collection":[{"href":"https:\/\/brushesdesign.com\/pt-br\/wp-json\/wp\/v2\/product"}],"about":[{"href":"https:\/\/brushesdesign.com\/pt-br\/wp-json\/wp\/v2\/types\/product"}],"wp:featuredmedia":[{"embeddable":true,"href":"https:\/\/brushesdesign.com\/pt-br\/wp-json\/wp\/v2\/media\/752"}],"wp:attachment":[{"href":"https:\/\/brushesdesign.com\/pt-br\/wp-json\/wp\/v2\/media?parent=1109"}],"wp:term":[{"taxonomy":"product_brand","embeddable":true,"href":"https:\/\/brushesdesign.com\/pt-br\/wp-json\/wp\/v2\/product_brand?post=1109"},{"taxonomy":"product_cat","embeddable":true,"href":"https:\/\/brushesdesign.com\/pt-br\/wp-json\/wp\/v2\/product_cat?post=1109"},{"taxonomy":"product_tag","embeddable":true,"href":"https:\/\/brushesdesign.com\/pt-br\/wp-json\/wp\/v2\/product_tag?post=1109"}],"curies":[{"name":"wp","href":"https:\/\/api.w.org\/{rel}","templated":true}]}}