{"id":952,"date":"2025-01-24T04:12:28","date_gmt":"2025-01-24T04:12:28","guid":{"rendered":"https:\/\/brushesdesign.com\/product\/pacote-de-branding-completo\/"},"modified":"2025-01-24T04:12:28","modified_gmt":"2025-01-24T04:12:28","slug":"pacote-de-branding-completo","status":"publish","type":"product","link":"https:\/\/brushesdesign.com\/pt-br\/produto\/pacote-de-branding-completo\/","title":{"rendered":"pacote de branding completo"},"content":{"rendered":"<p>Nosso Pacote Completo de Branding foi criado para ajudar sua empresa a se destacar com uma identidade profissional, coesa e memor\u00e1vel. Este servi\u00e7o \u00e9 ideal para empreendedores e empresas que buscam estabelecer ou revitalizar sua marca.<\/p>\n<p>O que est\u00e1 incluso?<br \/>\n1. Estrat\u00e9gia de marca<br \/>\nAn\u00e1lise de mercado para identificar oportunidades.<br \/>\nDefini\u00e7\u00e3o de valores essenciais, miss\u00e3o e vis\u00e3o.<br \/>\nCria\u00e7\u00e3o de uma declara\u00e7\u00e3o de posicionamento exclusiva.<br \/>\nCria\u00e7\u00e3o de personas de comprador para atingir o p\u00fablico certo.<br \/>\nRevis\u00f5es: at\u00e9 3 rodadas para refinar e aperfei\u00e7oar a dire\u00e7\u00e3o da sua marca.<br \/>\n2. Identidade visual<br \/>\nDesign do logotipo principal e suas varia\u00e7\u00f5es.<br \/>\nPaleta de cores adaptada ao tom da sua marca.<br \/>\nSele\u00e7\u00e3o de tipografia para mensagens consistentes.<br \/>\nGr\u00e1ficos de suporte para uso vers\u00e1til.<br \/>\nDiretrizes abrangentes da marca (formato PDF).<br \/>\nRevis\u00f5es: at\u00e9 5 rodadas para garantir que cada detalhe esteja alinhado com sua vis\u00e3o.<br \/>\n3. Materiais corporativos<br \/>\nDesigns de cart\u00f5es de visita (prontos para impress\u00e3o).<br \/>\nModelos de papel timbrado da marca.<br \/>\nDesign personalizado de assinatura de e-mail.<br \/>\nSlides de apresenta\u00e7\u00e3o ou decks corporativos.<br \/>\nModelos de m\u00eddia social.<br \/>\nRevis\u00f5es: at\u00e9 3 rodadas para finalizar os materiais.<br \/>\n4. Ativos digitais<br \/>\nConceito b\u00e1sico de design de site ou layout de landing page.<br \/>\n\u00cdcones personalizados para aprimorar a personalidade da sua marca.<br \/>\nAnima\u00e7\u00f5es simples (por exemplo, logotipo animado).<br \/>\nRevis\u00f5es: at\u00e9 2 rodadas para garantir funcionalidade e apelo.<br \/>\n5. Suporte de publicidade<br \/>\nDesigns para an\u00fancios impressos e digitais.<br \/>\nModelos para banners e materiais promocionais.<br \/>\nAtivos prontos para campanha para lan\u00e7amentos.<br \/>\nRevis\u00f5es: at\u00e9 2 rodadas para ativos de campanha.<br \/>\n6. Consultoria e treinamento<br \/>\nOrienta\u00e7\u00e3o sobre como usar e implementar elementos de marca de forma eficaz.<br \/>\nSess\u00e3o de consultoria de uma hora para perguntas e conselhos.<br \/>\nPor que escolher este pacote?<br \/>\nUma solu\u00e7\u00e3o do in\u00edcio ao fim para criar uma presen\u00e7a de marca poderosa.<br \/>\nRevis\u00f5es cuidadosas para garantir satisfa\u00e7\u00e3o em todas as etapas.<br \/>\nExperi\u00eancia e aten\u00e7\u00e3o aos detalhes que geram resultados.<br \/>\nCrie uma marca que inspire confian\u00e7a e reconhecimento \u2014 comece hoje mesmo!<\/p>\n","protected":false},"excerpt":{"rendered":"<p>Redefina seu neg\u00f3cio com um pacote de branding completo que inclui estrat\u00e9gia de marca, elementos de design, ativos corporativos e ferramentas digitais. Ideal para criar uma identidade de marca distinta, polida e impactante.<\/p>\n","protected":false},"featured_media":912,"template":"","meta":{"site-sidebar-layout":"default","site-content-layout":"","ast-site-content-layout":"default","site-content-style":"default","site-sidebar-style":"default","ast-global-header-display":"","ast-banner-title-visibility":"","ast-main-header-display":"","ast-hfb-above-header-display":"","ast-hfb-below-header-display":"","ast-hfb-mobile-header-display":"","site-post-title":"","ast-breadcrumbs-content":"","ast-featured-img":"","footer-sml-layout":"","ast-disable-related-posts":"","theme-transparent-header-meta":"default","adv-header-id-meta":"","stick-header-meta":"","header-above-stick-meta":"","header-main-stick-meta":"","header-below-stick-meta":"","astra-migrate-meta-layouts":"default","ast-page-background-enabled":"default","ast-page-background-meta":{"desktop":{"background-color":"var(--ast-global-color-4)","background-image":"","background-repeat":"repeat","background-position":"center center","background-size":"auto","background-attachment":"scroll","background-type":"","background-media":"","overlay-type":"","overlay-color":"","overlay-opacity":"","overlay-gradient":""},"tablet":{"background-color":"","background-image":"","background-repeat":"repeat","background-position":"center center","background-size":"auto","background-attachment":"scroll","background-type":"","background-media":"","overlay-type":"","overlay-color":"","overlay-opacity":"","overlay-gradient":""},"mobile":{"background-color":"","background-image":"","background-repeat":"repeat","background-position":"center center","background-size":"auto","background-attachment":"scroll","background-type":"","background-media":"","overlay-type":"","overlay-color":"","overlay-opacity":"","overlay-gradient":""}},"ast-content-background-meta":{"desktop":{"background-color":"var(--ast-global-color-5)","background-image":"","background-repeat":"repeat","background-position":"center center","background-size":"auto","background-attachment":"scroll","background-type":"","background-media":"","overlay-type":"","overlay-color":"","overlay-opacity":"","overlay-gradient":""},"tablet":{"background-color":"var(--ast-global-color-5)","background-image":"","background-repeat":"repeat","background-position":"center center","background-size":"auto","background-attachment":"scroll","background-type":"","background-media":"","overlay-type":"","overlay-color":"","overlay-opacity":"","overlay-gradient":""},"mobile":{"background-color":"var(--ast-global-color-5)","background-image":"","background-repeat":"repeat","background-position":"center center","background-size":"auto","background-attachment":"scroll","background-type":"","background-media":"","overlay-type":"","overlay-color":"","overlay-opacity":"","overlay-gradient":""}}},"product_brand":[],"product_cat":[138],"product_tag":[139,140],"class_list":{"0":"post-952","1":"product","2":"type-product","3":"status-publish","4":"has-post-thumbnail","6":"product_cat-design-de-midia-audiovisual","7":"product_tag-desenhografico","8":"product_tag-identidadedemarca","9":"desktop-align-left","10":"tablet-align-left","11":"mobile-align-left","13":"first","14":"instock","15":"sale","16":"featured","17":"virtual","18":"sold-individually","19":"purchasable","20":"product-type-simple"},"jetpack_sharing_enabled":true,"_links":{"self":[{"href":"https:\/\/brushesdesign.com\/pt-br\/wp-json\/wp\/v2\/product\/952","targetHints":{"allow":["GET"]}}],"collection":[{"href":"https:\/\/brushesdesign.com\/pt-br\/wp-json\/wp\/v2\/product"}],"about":[{"href":"https:\/\/brushesdesign.com\/pt-br\/wp-json\/wp\/v2\/types\/product"}],"wp:featuredmedia":[{"embeddable":true,"href":"https:\/\/brushesdesign.com\/pt-br\/wp-json\/wp\/v2\/media\/912"}],"wp:attachment":[{"href":"https:\/\/brushesdesign.com\/pt-br\/wp-json\/wp\/v2\/media?parent=952"}],"wp:term":[{"taxonomy":"product_brand","embeddable":true,"href":"https:\/\/brushesdesign.com\/pt-br\/wp-json\/wp\/v2\/product_brand?post=952"},{"taxonomy":"product_cat","embeddable":true,"href":"https:\/\/brushesdesign.com\/pt-br\/wp-json\/wp\/v2\/product_cat?post=952"},{"taxonomy":"product_tag","embeddable":true,"href":"https:\/\/brushesdesign.com\/pt-br\/wp-json\/wp\/v2\/product_tag?post=952"}],"curies":[{"name":"wp","href":"https:\/\/api.w.org\/{rel}","templated":true}]}}