{"id":955,"date":"2024-09-21T16:22:24","date_gmt":"2024-09-21T16:22:24","guid":{"rendered":"https:\/\/brushesdesign.com\/product\/disenho-editorial\/"},"modified":"2024-09-21T16:22:24","modified_gmt":"2024-09-21T16:22:24","slug":"disenho-editorial","status":"publish","type":"product","link":"https:\/\/brushesdesign.com\/pt-br\/produto\/disenho-editorial\/","title":{"rendered":"Disenho editorial"},"content":{"rendered":"<p>Nosso Servi\u00e7o de Design Editorial fornece layouts profissionais, limpos e bem organizados para relat\u00f3rios, revistas, folhetos e outras publica\u00e7\u00f5es, cobrados com base na contagem de caracteres. Essa estrutura de pre\u00e7os flex\u00edvel garante que voc\u00ea pague de acordo com o tamanho do seu conte\u00fado, tornando-o ideal para projetos de qualquer tamanho.<\/p>\n<p>Para cada 500 caracteres, oferecemos:<\/p>\n<p>1 conceito de layout personalizado<br \/>\n1 revis\u00e3o para refinar o design<br \/>\nTipografia e esquemas de cores personalizados<br \/>\nArquivos prontos para impress\u00e3o em formatos PDF e InDesign<br \/>\nPrecisa de mais espa\u00e7o ou design avan\u00e7ado? Sem problemas! Caracteres adicionais ou elementos de design complexos, como gr\u00e1ficos personalizados, podem ser adicionados por um pequeno custo extra.<\/p>\n<p>Por que escolher nosso servi\u00e7o?<\/p>\n<p>Pre\u00e7os transparentes: Pague pelo tamanho do conte\u00fado, facilitando o controle do seu or\u00e7amento.<br \/>\nDesign de alta qualidade: focamos na legibilidade e est\u00e9tica para fazer sua publica\u00e7\u00e3o se destacar.<br \/>\nFlex\u00edvel: N\u00e3o importa se voc\u00ea tem um relat\u00f3rio curto ou uma revista extensa, n\u00f3s nos adaptamos \u00e0s suas necessidades.<br \/>\nObserva\u00e7\u00e3o: o pacote cobre conte\u00fado baseado em texto. Se o seu projeto incluir quantidades significativas de imagens, infogr\u00e1ficos ou visualiza\u00e7\u00e3o de dados, taxas adicionais podem ser aplicadas. Entre em contato conosco para um or\u00e7amento personalizado.<\/p>\n<p>Voc\u00ea tamb\u00e9m pode adicionar uma nota na descri\u00e7\u00e3o do produto ou como uma se\u00e7\u00e3o de FAQ:<\/p>\n<p>FAQ:<\/p>\n<p>O que est\u00e1 inclu\u00eddo no pre\u00e7o base? O pre\u00e7o base cobre o design para at\u00e9 500 caracteres de conte\u00fado. Voc\u00ea receber\u00e1 1 conceito de layout personalizado, 1 revis\u00e3o e um arquivo pronto para impress\u00e3o.<br \/>\nO que acontece se meu documento tiver mais de 500 caracteres? Cobramos com base na contagem de caracteres. Para cada 500 caracteres adicionais, o pre\u00e7o aumenta um pouco e voc\u00ea recebe uma revis\u00e3o extra, se necess\u00e1rio.<br \/>\nE se meu design incluir imagens ou gr\u00e1ficos complexos? Se o seu documento contiver um grande n\u00famero de imagens, infogr\u00e1ficos ou exigir visualiza\u00e7\u00e3o de dados, pode haver custos adicionais. Entre em contato conosco para um or\u00e7amento personalizado.<br \/>\nPrincipais elementos a serem considerados na descri\u00e7\u00e3o:<br \/>\nPre\u00e7o transparente: destaque que o custo \u00e9 baseado no n\u00famero de caracteres, garantindo que o cliente saiba como o servi\u00e7o \u00e9 precificado.<br \/>\nRevis\u00f5es e extras: declare claramente o n\u00famero de revis\u00f5es inclu\u00eddas e mencione quaisquer taxas adicionais para caracteres extras, designs complexos ou elementos visuais como gr\u00e1ficos.<br \/>\nFlexibilidade: enfatize que essa estrutura funciona bem para projetos pequenos e grandes, mostrando aos clientes que voc\u00ea pode se adaptar \u00e0s suas necessidades espec\u00edficas.<br \/>\nComplementos opcionais: mencione poss\u00edveis cobran\u00e7as por servi\u00e7os extras, como incorporar gr\u00e1ficos complexos, para que os clientes possam antecipar o custo total.<\/p>\n","protected":false},"excerpt":{"rendered":"<p>Servi\u00e7o profissional de design editorial cobrado por contagem de caracteres. Perfeito para relat\u00f3rios, revistas e folhetos. Inclui design de layout, tipografia personalizada e at\u00e9 1 revis\u00e3o para cada 500 caracteres.<\/p>\n","protected":false},"featured_media":716,"template":"","meta":{"site-sidebar-layout":"default","site-content-layout":"","ast-site-content-layout":"default","site-content-style":"default","site-sidebar-style":"default","ast-global-header-display":"","ast-banner-title-visibility":"","ast-main-header-display":"","ast-hfb-above-header-display":"","ast-hfb-below-header-display":"","ast-hfb-mobile-header-display":"","site-post-title":"","ast-breadcrumbs-content":"","ast-featured-img":"","footer-sml-layout":"","ast-disable-related-posts":"","theme-transparent-header-meta":"default","adv-header-id-meta":"","stick-header-meta":"","header-above-stick-meta":"","header-main-stick-meta":"","header-below-stick-meta":"","astra-migrate-meta-layouts":"default","ast-page-background-enabled":"default","ast-page-background-meta":{"desktop":{"background-color":"var(--ast-global-color-4)","background-image":"","background-repeat":"repeat","background-position":"center center","background-size":"auto","background-attachment":"scroll","background-type":"","background-media":"","overlay-type":"","overlay-color":"","overlay-opacity":"","overlay-gradient":""},"tablet":{"background-color":"","background-image":"","background-repeat":"repeat","background-position":"center center","background-size":"auto","background-attachment":"scroll","background-type":"","background-media":"","overlay-type":"","overlay-color":"","overlay-opacity":"","overlay-gradient":""},"mobile":{"background-color":"","background-image":"","background-repeat":"repeat","background-position":"center center","background-size":"auto","background-attachment":"scroll","background-type":"","background-media":"","overlay-type":"","overlay-color":"","overlay-opacity":"","overlay-gradient":""}},"ast-content-background-meta":{"desktop":{"background-color":"var(--ast-global-color-5)","background-image":"","background-repeat":"repeat","background-position":"center center","background-size":"auto","background-attachment":"scroll","background-type":"","background-media":"","overlay-type":"","overlay-color":"","overlay-opacity":"","overlay-gradient":""},"tablet":{"background-color":"var(--ast-global-color-5)","background-image":"","background-repeat":"repeat","background-position":"center center","background-size":"auto","background-attachment":"scroll","background-type":"","background-media":"","overlay-type":"","overlay-color":"","overlay-opacity":"","overlay-gradient":""},"mobile":{"background-color":"var(--ast-global-color-5)","background-image":"","background-repeat":"repeat","background-position":"center center","background-size":"auto","background-attachment":"scroll","background-type":"","background-media":"","overlay-type":"","overlay-color":"","overlay-opacity":"","overlay-gradient":""}}},"product_brand":[],"product_cat":[147],"product_tag":[151,149,150,148,152],"class_list":{"0":"post-955","1":"product","2":"type-product","3":"status-publish","4":"has-post-thumbnail","6":"product_cat-design-editorial","7":"product_tag-designdebrochura","8":"product_tag-designdelayoutprofissional","9":"product_tag-designderevista","10":"product_tag-editorialdesign-pt-br","11":"product_tag-servicosdedesigngrafico","12":"desktop-align-left","13":"tablet-align-left","14":"mobile-align-left","16":"first","17":"instock","18":"virtual","19":"purchasable","20":"product-type-simple"},"jetpack_sharing_enabled":true,"_links":{"self":[{"href":"https:\/\/brushesdesign.com\/pt-br\/wp-json\/wp\/v2\/product\/955","targetHints":{"allow":["GET"]}}],"collection":[{"href":"https:\/\/brushesdesign.com\/pt-br\/wp-json\/wp\/v2\/product"}],"about":[{"href":"https:\/\/brushesdesign.com\/pt-br\/wp-json\/wp\/v2\/types\/product"}],"wp:featuredmedia":[{"embeddable":true,"href":"https:\/\/brushesdesign.com\/pt-br\/wp-json\/wp\/v2\/media\/716"}],"wp:attachment":[{"href":"https:\/\/brushesdesign.com\/pt-br\/wp-json\/wp\/v2\/media?parent=955"}],"wp:term":[{"taxonomy":"product_brand","embeddable":true,"href":"https:\/\/brushesdesign.com\/pt-br\/wp-json\/wp\/v2\/product_brand?post=955"},{"taxonomy":"product_cat","embeddable":true,"href":"https:\/\/brushesdesign.com\/pt-br\/wp-json\/wp\/v2\/product_cat?post=955"},{"taxonomy":"product_tag","embeddable":true,"href":"https:\/\/brushesdesign.com\/pt-br\/wp-json\/wp\/v2\/product_tag?post=955"}],"curies":[{"name":"wp","href":"https:\/\/api.w.org\/{rel}","templated":true}]}}